{"id":613,"date":"2025-10-13T15:11:24","date_gmt":"2025-10-13T15:11:24","guid":{"rendered":"https:\/\/esconsatec.com\/pruebaw\/?page_id=613"},"modified":"2026-04-16T14:13:09","modified_gmt":"2026-04-16T14:13:09","slug":"solucion-control-de-acceso","status":"publish","type":"page","link":"https:\/\/esconsatec.com\/pruebaw\/solucion-control-de-acceso\/","title":{"rendered":"Soluci\u00f3n &#8211; Control de acceso"},"content":{"rendered":"\t\t<div data-elementor-type=\"wp-page\" data-elementor-id=\"613\" class=\"elementor elementor-613\" data-elementor-post-type=\"page\">\n\t\t\t\t<div class=\"elementor-element elementor-element-fc90a0e e-flex e-con-boxed e-con e-parent\" data-id=\"fc90a0e\" data-element_type=\"container\" data-e-type=\"container\" data-settings=\"{&quot;background_background&quot;:&quot;classic&quot;}\">\n\t\t\t\t\t<div class=\"e-con-inner\">\n\t\t<div class=\"elementor-element elementor-element-0930aba e-con-full e-flex e-con e-child\" data-id=\"0930aba\" data-element_type=\"container\" data-e-type=\"container\">\n\t\t\t\t<div class=\"elementor-element elementor-element-54762d4 e-transform elementor-widget elementor-widget-image\" data-id=\"54762d4\" data-element_type=\"widget\" data-e-type=\"widget\" data-settings=\"{&quot;_transform_flipX_effect&quot;:&quot;transform&quot;}\" data-widget_type=\"image.default\">\n\t\t\t\t<div class=\"elementor-widget-container\">\n\t\t\t\t\t\t\t\t\t\t\t\t\t\t\t<img fetchpriority=\"high\" decoding=\"async\" width=\"800\" height=\"600\" src=\"https:\/\/esconsatec.com\/pruebaw\/wp-content\/uploads\/2026\/04\/imagenes-web-2025.webp\" class=\"attachment-full size-full wp-image-1778\" alt=\"\" srcset=\"https:\/\/esconsatec.com\/pruebaw\/wp-content\/uploads\/2026\/04\/imagenes-web-2025.webp 800w, https:\/\/esconsatec.com\/pruebaw\/wp-content\/uploads\/2026\/04\/imagenes-web-2025-300x225.webp 300w, https:\/\/esconsatec.com\/pruebaw\/wp-content\/uploads\/2026\/04\/imagenes-web-2025-768x576.webp 768w, https:\/\/esconsatec.com\/pruebaw\/wp-content\/uploads\/2026\/04\/imagenes-web-2025-600x450.webp 600w, https:\/\/esconsatec.com\/pruebaw\/wp-content\/uploads\/2026\/04\/imagenes-web-2025-64x48.webp 64w\" sizes=\"(max-width: 800px) 100vw, 800px\" \/>\t\t\t\t\t\t\t\t\t\t\t\t\t\t\t<\/div>\n\t\t\t\t<\/div>\n\t\t\t\t<\/div>\n\t\t<div class=\"elementor-element elementor-element-a590c9f e-con-full e-flex e-con e-child\" data-id=\"a590c9f\" data-element_type=\"container\" data-e-type=\"container\">\n\t\t\t\t<div class=\"elementor-element elementor-element-e77fa22 elementor-widget-tablet__width-initial elementor-widget elementor-widget-heading\" data-id=\"e77fa22\" data-element_type=\"widget\" data-e-type=\"widget\" data-widget_type=\"heading.default\">\n\t\t\t\t<div class=\"elementor-widget-container\">\n\t\t\t\t\t<h1 class=\"elementor-heading-title elementor-size-default\">Acceso inteligente y seguro\u200b<\/h1>\t\t\t\t<\/div>\n\t\t\t\t<\/div>\n\t\t\t\t<div class=\"elementor-element elementor-element-84d2c58 elementor-widget elementor-widget-text-editor\" data-id=\"84d2c58\" data-element_type=\"widget\" data-e-type=\"widget\" data-widget_type=\"text-editor.default\">\n\t\t\t\t<div class=\"elementor-widget-container\">\n\t\t\t\t\t\t\t\t\t<p>Nuestra soluci\u00f3n permite gestionar qui\u00e9n, cu\u00e1ndo y d\u00f3nde puede ingresar, integrando tecnolog\u00edas como biometr\u00eda, RFID y control por horarios. Garantiza seguridad, trazabilidad y eficiencia en todo tipo de instalaciones.<\/p>\t\t\t\t\t\t\t\t<\/div>\n\t\t\t\t<\/div>\n\t\t\t\t<div class=\"elementor-element elementor-element-671d2a0 elementor-widget elementor-widget-button\" data-id=\"671d2a0\" data-element_type=\"widget\" data-e-type=\"widget\" data-widget_type=\"button.default\">\n\t\t\t\t<div class=\"elementor-widget-container\">\n\t\t\t\t\t\t\t\t\t<div class=\"elementor-button-wrapper\">\n\t\t\t\t\t<a class=\"elementor-button elementor-button-link elementor-size-sm\" href=\"#\">\n\t\t\t\t\t\t<span class=\"elementor-button-content-wrapper\">\n\t\t\t\t\t\t\t\t\t<span class=\"elementor-button-text\">Agenda tu demo<\/span>\n\t\t\t\t\t<\/span>\n\t\t\t\t\t<\/a>\n\t\t\t\t<\/div>\n\t\t\t\t\t\t\t\t<\/div>\n\t\t\t\t<\/div>\n\t\t\t\t<\/div>\n\t\t\t\t\t<\/div>\n\t\t\t\t<\/div>\n\t\t<div class=\"elementor-element elementor-element-8b06f12 e-flex e-con-boxed e-con e-parent\" data-id=\"8b06f12\" data-element_type=\"container\" data-e-type=\"container\" data-settings=\"{&quot;background_background&quot;:&quot;classic&quot;}\">\n\t\t\t\t\t<div class=\"e-con-inner\">\n\t\t<div class=\"elementor-element elementor-element-d310a59 e-con-full e-flex e-con e-child\" data-id=\"d310a59\" data-element_type=\"container\" data-e-type=\"container\">\n\t\t\t\t<div class=\"elementor-element elementor-element-a89616b elementor-widget elementor-widget-image\" data-id=\"a89616b\" data-element_type=\"widget\" data-e-type=\"widget\" data-widget_type=\"image.default\">\n\t\t\t\t<div class=\"elementor-widget-container\">\n\t\t\t\t\t\t\t\t\t\t\t\t\t\t\t<img decoding=\"async\" width=\"800\" height=\"464\" src=\"https:\/\/esconsatec.com\/pruebaw\/wp-content\/uploads\/2026\/04\/Control-centralizado.webp\" class=\"attachment-large size-large wp-image-1767\" alt=\"\" srcset=\"https:\/\/esconsatec.com\/pruebaw\/wp-content\/uploads\/2026\/04\/Control-centralizado.webp 800w, https:\/\/esconsatec.com\/pruebaw\/wp-content\/uploads\/2026\/04\/Control-centralizado-300x174.webp 300w, https:\/\/esconsatec.com\/pruebaw\/wp-content\/uploads\/2026\/04\/Control-centralizado-768x445.webp 768w, https:\/\/esconsatec.com\/pruebaw\/wp-content\/uploads\/2026\/04\/Control-centralizado-600x348.webp 600w, https:\/\/esconsatec.com\/pruebaw\/wp-content\/uploads\/2026\/04\/Control-centralizado-64x37.webp 64w\" sizes=\"(max-width: 800px) 100vw, 800px\" \/>\t\t\t\t\t\t\t\t\t\t\t\t\t\t\t<\/div>\n\t\t\t\t<\/div>\n\t\t\t\t<\/div>\n\t\t<div class=\"elementor-element elementor-element-dd5a561 e-con-full e-flex e-con e-child\" data-id=\"dd5a561\" data-element_type=\"container\" data-e-type=\"container\">\n\t\t\t\t<div class=\"elementor-element elementor-element-b8bea54 elementor-widget elementor-widget-heading\" data-id=\"b8bea54\" data-element_type=\"widget\" data-e-type=\"widget\" data-widget_type=\"heading.default\">\n\t\t\t\t<div class=\"elementor-widget-container\">\n\t\t\t\t\t<h3 class=\"elementor-heading-title elementor-size-default\">Control centralizado de todos tus dispositivos<\/h3>\t\t\t\t<\/div>\n\t\t\t\t<\/div>\n\t\t\t\t<div class=\"elementor-element elementor-element-67752fc elementor-widget elementor-widget-text-editor\" data-id=\"67752fc\" data-element_type=\"widget\" data-e-type=\"widget\" data-widget_type=\"text-editor.default\">\n\t\t\t\t<div class=\"elementor-widget-container\">\n\t\t\t\t\t\t\t\t\t<p>Administra de forma eficiente todos los dispositivos conectados desde una sola plataforma. La gesti\u00f3n centralizada permite una respuesta r\u00e1pida ante incidencias y asegura que cada equipo opere de manera coordinada, segura y actualizada en todo momento.<\/p>\t\t\t\t\t\t\t\t<\/div>\n\t\t\t\t<\/div>\n\t\t\t\t<\/div>\n\t\t\t\t\t<\/div>\n\t\t\t\t<\/div>\n\t\t<div class=\"elementor-element elementor-element-bf4dd8b e-flex e-con-boxed e-con e-parent\" data-id=\"bf4dd8b\" data-element_type=\"container\" data-e-type=\"container\" data-settings=\"{&quot;background_background&quot;:&quot;classic&quot;}\">\n\t\t\t\t\t<div class=\"e-con-inner\">\n\t\t<div class=\"elementor-element elementor-element-4c95cb5 e-con-full e-flex e-con e-child\" data-id=\"4c95cb5\" data-element_type=\"container\" data-e-type=\"container\">\n\t\t\t\t<div class=\"elementor-element elementor-element-805a65d elementor-widget elementor-widget-image\" data-id=\"805a65d\" data-element_type=\"widget\" data-e-type=\"widget\" data-widget_type=\"image.default\">\n\t\t\t\t<div class=\"elementor-widget-container\">\n\t\t\t\t\t\t\t\t\t\t\t\t\t\t\t<img decoding=\"async\" width=\"800\" height=\"464\" src=\"https:\/\/esconsatec.com\/pruebaw\/wp-content\/uploads\/2026\/04\/02.Reglas-gestion.webp\" class=\"attachment-large size-large wp-image-1790\" alt=\"\" srcset=\"https:\/\/esconsatec.com\/pruebaw\/wp-content\/uploads\/2026\/04\/02.Reglas-gestion.webp 800w, https:\/\/esconsatec.com\/pruebaw\/wp-content\/uploads\/2026\/04\/02.Reglas-gestion-300x174.webp 300w, https:\/\/esconsatec.com\/pruebaw\/wp-content\/uploads\/2026\/04\/02.Reglas-gestion-768x445.webp 768w, https:\/\/esconsatec.com\/pruebaw\/wp-content\/uploads\/2026\/04\/02.Reglas-gestion-600x348.webp 600w, https:\/\/esconsatec.com\/pruebaw\/wp-content\/uploads\/2026\/04\/02.Reglas-gestion-64x37.webp 64w\" sizes=\"(max-width: 800px) 100vw, 800px\" \/>\t\t\t\t\t\t\t\t\t\t\t\t\t\t\t<\/div>\n\t\t\t\t<\/div>\n\t\t\t\t<\/div>\n\t\t<div class=\"elementor-element elementor-element-c93764d e-con-full e-flex e-con e-child\" data-id=\"c93764d\" data-element_type=\"container\" data-e-type=\"container\">\n\t\t\t\t<div class=\"elementor-element elementor-element-ef324ed elementor-widget elementor-widget-heading\" data-id=\"ef324ed\" data-element_type=\"widget\" data-e-type=\"widget\" data-widget_type=\"heading.default\">\n\t\t\t\t<div class=\"elementor-widget-container\">\n\t\t\t\t\t<h3 class=\"elementor-heading-title elementor-size-default\">Permisos bajo control, acceso sin riesgos<\/h3>\t\t\t\t<\/div>\n\t\t\t\t<\/div>\n\t\t\t\t<div class=\"elementor-element elementor-element-a379e10 elementor-widget elementor-widget-text-editor\" data-id=\"a379e10\" data-element_type=\"widget\" data-e-type=\"widget\" data-widget_type=\"text-editor.default\">\n\t\t\t\t<div class=\"elementor-widget-container\">\n\t\t\t\t\t\t\t\t\t<p>Define, asigna y gestiona los permisos de acceso seg\u00fan perfiles, horarios y zonas espec\u00edficas. Controla qui\u00e9n puede ingresar, cu\u00e1ndo y a qu\u00e9 \u00e1reas, reforzando la seguridad y reduciendo riesgos.<\/p>\t\t\t\t\t\t\t\t<\/div>\n\t\t\t\t<\/div>\n\t\t\t\t<\/div>\n\t\t\t\t\t<\/div>\n\t\t\t\t<\/div>\n\t\t<div class=\"elementor-element elementor-element-a25f881 e-flex e-con-boxed e-con e-parent\" data-id=\"a25f881\" data-element_type=\"container\" data-e-type=\"container\" data-settings=\"{&quot;background_background&quot;:&quot;classic&quot;}\">\n\t\t\t\t\t<div class=\"e-con-inner\">\n\t\t<div class=\"elementor-element elementor-element-d91b9b3 e-con-full e-flex e-con e-child\" data-id=\"d91b9b3\" data-element_type=\"container\" data-e-type=\"container\">\n\t\t\t\t<div class=\"elementor-element elementor-element-66ae15e elementor-widget elementor-widget-image\" data-id=\"66ae15e\" data-element_type=\"widget\" data-e-type=\"widget\" data-widget_type=\"image.default\">\n\t\t\t\t<div class=\"elementor-widget-container\">\n\t\t\t\t\t\t\t\t\t\t\t\t\t\t\t<img loading=\"lazy\" decoding=\"async\" width=\"800\" height=\"464\" src=\"https:\/\/esconsatec.com\/pruebaw\/wp-content\/uploads\/2026\/04\/03.Dispositivos.webp\" class=\"attachment-large size-large wp-image-1791\" alt=\"\" srcset=\"https:\/\/esconsatec.com\/pruebaw\/wp-content\/uploads\/2026\/04\/03.Dispositivos.webp 800w, https:\/\/esconsatec.com\/pruebaw\/wp-content\/uploads\/2026\/04\/03.Dispositivos-300x174.webp 300w, https:\/\/esconsatec.com\/pruebaw\/wp-content\/uploads\/2026\/04\/03.Dispositivos-768x445.webp 768w, https:\/\/esconsatec.com\/pruebaw\/wp-content\/uploads\/2026\/04\/03.Dispositivos-600x348.webp 600w, https:\/\/esconsatec.com\/pruebaw\/wp-content\/uploads\/2026\/04\/03.Dispositivos-64x37.webp 64w\" sizes=\"(max-width: 800px) 100vw, 800px\" \/>\t\t\t\t\t\t\t\t\t\t\t\t\t\t\t<\/div>\n\t\t\t\t<\/div>\n\t\t\t\t<\/div>\n\t\t<div class=\"elementor-element elementor-element-e066b44 e-con-full e-flex e-con e-child\" data-id=\"e066b44\" data-element_type=\"container\" data-e-type=\"container\">\n\t\t\t\t<div class=\"elementor-element elementor-element-4cd6836 elementor-widget elementor-widget-heading\" data-id=\"4cd6836\" data-element_type=\"widget\" data-e-type=\"widget\" data-widget_type=\"heading.default\">\n\t\t\t\t<div class=\"elementor-widget-container\">\n\t\t\t\t\t<h3 class=\"elementor-heading-title elementor-size-default\">Crecimiento sin l\u00edmites, control sin interrupciones<\/h3>\t\t\t\t<\/div>\n\t\t\t\t<\/div>\n\t\t\t\t<div class=\"elementor-element elementor-element-542401b elementor-widget elementor-widget-text-editor\" data-id=\"542401b\" data-element_type=\"widget\" data-e-type=\"widget\" data-widget_type=\"text-editor.default\">\n\t\t\t\t<div class=\"elementor-widget-container\">\n\t\t\t\t\t\t\t\t\t<p>Nuestra soluci\u00f3n se adapta al crecimiento de tu organizaci\u00f3n, permitiendo integrar nuevos dispositivos, usuarios y sedes sin complicaciones. Escalable tanto en infraestructura como en funcionalidades, garantiza un rendimiento \u00f3ptimo a medida que tus necesidades evolucionan.<\/p>\t\t\t\t\t\t\t\t<\/div>\n\t\t\t\t<\/div>\n\t\t\t\t<\/div>\n\t\t\t\t\t<\/div>\n\t\t\t\t<\/div>\n\t\t<div class=\"elementor-element elementor-element-a77dbbd e-flex e-con-boxed e-con e-parent\" data-id=\"a77dbbd\" data-element_type=\"container\" data-e-type=\"container\" data-settings=\"{&quot;background_background&quot;:&quot;classic&quot;}\">\n\t\t\t\t\t<div class=\"e-con-inner\">\n\t\t<div class=\"elementor-element elementor-element-8fa91d0 e-con-full e-flex e-con e-child\" data-id=\"8fa91d0\" data-element_type=\"container\" data-e-type=\"container\">\n\t\t\t\t<div class=\"elementor-element elementor-element-02bec04 elementor-widget elementor-widget-image\" data-id=\"02bec04\" data-element_type=\"widget\" data-e-type=\"widget\" data-widget_type=\"image.default\">\n\t\t\t\t<div class=\"elementor-widget-container\">\n\t\t\t\t\t\t\t\t\t\t\t\t\t\t\t<img loading=\"lazy\" decoding=\"async\" width=\"1024\" height=\"601\" src=\"https:\/\/esconsatec.com\/pruebaw\/wp-content\/uploads\/2026\/04\/Acceso-1024x601.webp\" class=\"attachment-large size-large wp-image-1793\" alt=\"\" srcset=\"https:\/\/esconsatec.com\/pruebaw\/wp-content\/uploads\/2026\/04\/Acceso-1024x601.webp 1024w, https:\/\/esconsatec.com\/pruebaw\/wp-content\/uploads\/2026\/04\/Acceso-300x176.webp 300w, https:\/\/esconsatec.com\/pruebaw\/wp-content\/uploads\/2026\/04\/Acceso-768x451.webp 768w, https:\/\/esconsatec.com\/pruebaw\/wp-content\/uploads\/2026\/04\/Acceso-600x352.webp 600w, https:\/\/esconsatec.com\/pruebaw\/wp-content\/uploads\/2026\/04\/Acceso-64x38.webp 64w, https:\/\/esconsatec.com\/pruebaw\/wp-content\/uploads\/2026\/04\/Acceso.webp 1434w\" sizes=\"(max-width: 1024px) 100vw, 1024px\" \/>\t\t\t\t\t\t\t\t\t\t\t\t\t\t\t<\/div>\n\t\t\t\t<\/div>\n\t\t\t\t<\/div>\n\t\t<div class=\"elementor-element elementor-element-3b87718 e-con-full e-flex e-con e-child\" data-id=\"3b87718\" data-element_type=\"container\" data-e-type=\"container\">\n\t\t\t\t<div class=\"elementor-element elementor-element-b7d224f elementor-widget elementor-widget-heading\" data-id=\"b7d224f\" data-element_type=\"widget\" data-e-type=\"widget\" data-widget_type=\"heading.default\">\n\t\t\t\t<div class=\"elementor-widget-container\">\n\t\t\t\t\t<h3 class=\"elementor-heading-title elementor-size-default\">Informaci\u00f3n al instante, decisiones precisas<\/h3>\t\t\t\t<\/div>\n\t\t\t\t<\/div>\n\t\t\t\t<div class=\"elementor-element elementor-element-2df5585 elementor-widget elementor-widget-text-editor\" data-id=\"2df5585\" data-element_type=\"widget\" data-e-type=\"widget\" data-widget_type=\"text-editor.default\">\n\t\t\t\t<div class=\"elementor-widget-container\">\n\t\t\t\t\t\t\t\t\t<p>Supervisa accesos, eventos y el estado de los dispositivos en tiempo real desde una plataforma central. El monitoreo en vivo permite detectar incidencias, responder r\u00e1pidamente y mantener el control total de tus instalaciones, mejorando la seguridad y la toma de decisiones operativas.<\/p>\t\t\t\t\t\t\t\t<\/div>\n\t\t\t\t<\/div>\n\t\t\t\t<\/div>\n\t\t\t\t\t<\/div>\n\t\t\t\t<\/div>\n\t\t<div class=\"elementor-element elementor-element-e381a78 e-flex e-con-boxed e-con e-parent\" data-id=\"e381a78\" data-element_type=\"container\" data-e-type=\"container\" data-settings=\"{&quot;background_background&quot;:&quot;classic&quot;}\">\n\t\t\t\t\t<div class=\"e-con-inner\">\n\t\t<div class=\"elementor-element elementor-element-fa2e13b e-con-full e-flex e-con e-child\" data-id=\"fa2e13b\" data-element_type=\"container\" data-e-type=\"container\">\n\t\t\t\t<div class=\"elementor-element elementor-element-5b0b8cc elementor-widget elementor-widget-heading\" data-id=\"5b0b8cc\" data-element_type=\"widget\" data-e-type=\"widget\" data-widget_type=\"heading.default\">\n\t\t\t\t<div class=\"elementor-widget-container\">\n\t\t\t\t\t<h2 class=\"elementor-heading-title elementor-size-default\">\u00bfQuieres m\u00e1s informaci\u00f3n?<\/h2>\t\t\t\t<\/div>\n\t\t\t\t<\/div>\n\t\t\t\t<div class=\"elementor-element elementor-element-01274f1 elementor-widget elementor-widget-text-editor\" data-id=\"01274f1\" data-element_type=\"widget\" data-e-type=\"widget\" data-widget_type=\"text-editor.default\">\n\t\t\t\t<div class=\"elementor-widget-container\">\n\t\t\t\t\t\t\t\t\t<p>Esperamos con gusto tu contacto.<\/p>\t\t\t\t\t\t\t\t<\/div>\n\t\t\t\t<\/div>\n\t\t\t\t<div class=\"elementor-element elementor-element-0070b58 elementor-button-align-start elementor-widget elementor-widget-form\" data-id=\"0070b58\" data-element_type=\"widget\" data-e-type=\"widget\" data-settings=\"{&quot;step_next_label&quot;:&quot;Next&quot;,&quot;step_previous_label&quot;:&quot;Previous&quot;,&quot;step_type&quot;:&quot;number_text&quot;,&quot;step_icon_shape&quot;:&quot;circle&quot;}\" data-widget_type=\"form.default\">\n\t\t\t\t<div class=\"elementor-widget-container\">\n\t\t\t\t\t\t\t<form class=\"elementor-form\" method=\"post\" name=\"form_acceso\" aria-label=\"form_acceso\" novalidate=\"\">\n\t\t\t<input type=\"hidden\" name=\"post_id\" value=\"613\"\/>\n\t\t\t<input type=\"hidden\" name=\"form_id\" value=\"0070b58\"\/>\n\t\t\t<input type=\"hidden\" name=\"referer_title\" value=\"Soluci\u00f3n &#8211; Control de acceso\" \/>\n\n\t\t\t\t\t\t\t<input type=\"hidden\" name=\"queried_id\" value=\"613\"\/>\n\t\t\t\n\t\t\t<div class=\"elementor-form-fields-wrapper elementor-labels-above\">\n\t\t\t\t\t\t\t\t<div class=\"elementor-field-type-text elementor-field-group elementor-column elementor-field-group-name elementor-col-50 elementor-field-required\">\n\t\t\t\t\t\t\t\t\t\t\t\t\t<input size=\"1\" type=\"text\" name=\"form_fields[name]\" id=\"form-field-name\" class=\"elementor-field elementor-size-sm  elementor-field-textual\" placeholder=\"Nombre\" required=\"required\">\n\t\t\t\t\t\t\t\t\t\t\t<\/div>\n\t\t\t\t\t\t\t\t<div class=\"elementor-field-type-text elementor-field-group elementor-column elementor-field-group-email elementor-col-50 elementor-field-required\">\n\t\t\t\t\t\t\t\t\t\t\t\t\t<input size=\"1\" type=\"text\" name=\"form_fields[email]\" id=\"form-field-email\" class=\"elementor-field elementor-size-sm  elementor-field-textual\" placeholder=\"Apellido\" required=\"required\">\n\t\t\t\t\t\t\t\t\t\t\t<\/div>\n\t\t\t\t\t\t\t\t<div class=\"elementor-field-type-email elementor-field-group elementor-column elementor-field-group-message elementor-col-50 elementor-field-required\">\n\t\t\t\t\t\t\t\t\t\t\t\t\t<input size=\"1\" type=\"email\" name=\"form_fields[message]\" id=\"form-field-message\" class=\"elementor-field elementor-size-sm  elementor-field-textual\" placeholder=\"Correo electr\u00f3nico\" required=\"required\">\n\t\t\t\t\t\t\t\t\t\t\t<\/div>\n\t\t\t\t\t\t\t\t<div class=\"elementor-field-type-tel elementor-field-group elementor-column elementor-field-group-field_7681f7b elementor-col-50 elementor-field-required\">\n\t\t\t\t\t\t\t<input size=\"1\" type=\"tel\" name=\"form_fields[field_7681f7b]\" id=\"form-field-field_7681f7b\" class=\"elementor-field elementor-size-sm  elementor-field-textual\" placeholder=\"Tel\u00e9fono\" required=\"required\" pattern=\"[0-9()#&amp;+*-=.]+\" title=\"Only numbers and phone characters (#, -, *, etc) are accepted.\">\n\n\t\t\t\t\t\t<\/div>\n\t\t\t\t\t\t\t\t<div class=\"elementor-field-type-text elementor-field-group elementor-column elementor-field-group-field_ea6cd78 elementor-col-50\">\n\t\t\t\t\t\t\t\t\t\t\t\t\t<input size=\"1\" type=\"text\" name=\"form_fields[field_ea6cd78]\" id=\"form-field-field_ea6cd78\" class=\"elementor-field elementor-size-sm  elementor-field-textual\" placeholder=\"Empresa\">\n\t\t\t\t\t\t\t\t\t\t\t<\/div>\n\t\t\t\t\t\t\t\t<div class=\"elementor-field-type-number elementor-field-group elementor-column elementor-field-group-field_9140ac1 elementor-col-50\">\n\t\t\t\t\t\t\t\t<input type=\"number\" name=\"form_fields[field_9140ac1]\" id=\"form-field-field_9140ac1\" class=\"elementor-field elementor-size-sm  elementor-field-textual\" placeholder=\"Cantidad de personal\" min=\"1\" max=\"\" >\n\t\t\t\t\t\t<\/div>\n\t\t\t\t\t\t\t\t<div class=\"elementor-field-type-textarea elementor-field-group elementor-column elementor-field-group-field_e466d93 elementor-col-100 elementor-field-required\">\n\t\t\t\t\t<textarea class=\"elementor-field-textual elementor-field  elementor-size-sm\" name=\"form_fields[field_e466d93]\" id=\"form-field-field_e466d93\" rows=\"4\" placeholder=\"D\u00e9janos tu mensaje y nosotros te contactamos\" required=\"required\"><\/textarea>\t\t\t\t<\/div>\n\t\t\t\t\t\t\t\t<div class=\"elementor-field-group elementor-column elementor-field-type-submit elementor-col-100 e-form__buttons\">\n\t\t\t\t\t<button class=\"elementor-button elementor-size-sm\" type=\"submit\">\n\t\t\t\t\t\t<span class=\"elementor-button-content-wrapper\">\n\t\t\t\t\t\t\t\t\t\t\t\t\t\t\t\t\t\t\t\t\t\t<span class=\"elementor-button-text\">Nosotros te llamamos<\/span>\n\t\t\t\t\t\t\t\t\t\t\t\t\t<\/span>\n\t\t\t\t\t<\/button>\n\t\t\t\t<\/div>\n\t\t\t<\/div>\n\t\t<\/form>\n\t\t\t\t\t\t<\/div>\n\t\t\t\t<\/div>\n\t\t\t\t<\/div>\n\t\t<div class=\"elementor-element elementor-element-1d76519 e-con-full e-flex e-con e-child\" data-id=\"1d76519\" data-element_type=\"container\" data-e-type=\"container\">\n\t\t\t\t<div class=\"elementor-element elementor-element-19a2c05 elementor-widget elementor-widget-heading\" data-id=\"19a2c05\" data-element_type=\"widget\" data-e-type=\"widget\" data-widget_type=\"heading.default\">\n\t\t\t\t<div class=\"elementor-widget-container\">\n\t\t\t\t\t<h3 class=\"elementor-heading-title elementor-size-default\">\u00bfListo para mejorar tu seguridad?<\/h3>\t\t\t\t<\/div>\n\t\t\t\t<\/div>\n\t\t\t\t<div class=\"elementor-element elementor-element-93ee812 elementor-widget elementor-widget-text-editor\" data-id=\"93ee812\" data-element_type=\"widget\" data-e-type=\"widget\" data-widget_type=\"text-editor.default\">\n\t\t\t\t<div class=\"elementor-widget-container\">\n\t\t\t\t\t\t\t\t\t<p>Conoce c\u00f3mo nuestras soluciones de control de acceso pueden proteger tus instalaciones y optimizar tu gesti\u00f3n.<\/p><p>Completa el formulario y un asesor se pondr\u00e1 en contacto contigo para agendar una cita personalizada.<\/p><p>\u00a1Nosotros te llamamos!<\/p>\t\t\t\t\t\t\t\t<\/div>\n\t\t\t\t<\/div>\n\t\t\t\t<\/div>\n\t\t\t\t\t<\/div>\n\t\t\t\t<\/div>\n\t\t\t\t<\/div>\n\t\t","protected":false},"excerpt":{"rendered":"<p>Acceso inteligente y seguro\u200b Nuestra soluci\u00f3n permite gestionar qui\u00e9n, cu\u00e1ndo y d\u00f3nde puede ingresar, integrando tecnolog\u00edas como biometr\u00eda, RFID y [&hellip;]<\/p>\n","protected":false},"author":2,"featured_media":0,"parent":0,"menu_order":0,"comment_status":"closed","ping_status":"closed","template":"","meta":{"site-sidebar-layout":"no-sidebar","site-content-layout":"","ast-site-content-layout":"full-width-container","site-content-style":"default","site-sidebar-style":"default","ast-global-header-display":"","ast-banner-title-visibility":"","ast-main-header-display":"","ast-hfb-above-header-display":"","ast-hfb-below-header-display":"","ast-hfb-mobile-header-display":"","site-post-title":"disabled","ast-breadcrumbs-content":"","ast-featured-img":"disabled","footer-sml-layout":"","theme-transparent-header-meta":"","adv-header-id-meta":"","stick-header-meta":"","header-above-stick-meta":"","header-main-stick-meta":"","header-below-stick-meta":"","astra-migrate-meta-layouts":"default","ast-page-background-enabled":"default","ast-page-background-meta":{"desktop":{"background-color":"var(--ast-global-color-5)","background-image":"","background-repeat":"repeat","background-position":"center center","background-size":"auto","background-attachment":"scroll","background-type":"","background-media":"","overlay-type":"","overlay-color":"","overlay-opacity":"","overlay-gradient":""},"tablet":{"background-color":"","background-image":"","background-repeat":"repeat","background-position":"center center","background-size":"auto","background-attachment":"scroll","background-type":"","background-media":"","overlay-type":"","overlay-color":"","overlay-opacity":"","overlay-gradient":""},"mobile":{"background-color":"","background-image":"","background-repeat":"repeat","background-position":"center center","background-size":"auto","background-attachment":"scroll","background-type":"","background-media":"","overlay-type":"","overlay-color":"","overlay-opacity":"","overlay-gradient":""}},"ast-content-background-meta":{"desktop":{"background-color":"var(--ast-global-color-4)","background-image":"","background-repeat":"repeat","background-position":"center center","background-size":"auto","background-attachment":"scroll","background-type":"","background-media":"","overlay-type":"","overlay-color":"","overlay-opacity":"","overlay-gradient":""},"tablet":{"background-color":"var(--ast-global-color-4)","background-image":"","background-repeat":"repeat","background-position":"center center","background-size":"auto","background-attachment":"scroll","background-type":"","background-media":"","overlay-type":"","overlay-color":"","overlay-opacity":"","overlay-gradient":""},"mobile":{"background-color":"var(--ast-global-color-4)","background-image":"","background-repeat":"repeat","background-position":"center center","background-size":"auto","background-attachment":"scroll","background-type":"","background-media":"","overlay-type":"","overlay-color":"","overlay-opacity":"","overlay-gradient":""}},"footnotes":""},"class_list":["post-613","page","type-page","status-publish","hentry"],"_links":{"self":[{"href":"https:\/\/esconsatec.com\/pruebaw\/wp-json\/wp\/v2\/pages\/613","targetHints":{"allow":["GET"]}}],"collection":[{"href":"https:\/\/esconsatec.com\/pruebaw\/wp-json\/wp\/v2\/pages"}],"about":[{"href":"https:\/\/esconsatec.com\/pruebaw\/wp-json\/wp\/v2\/types\/page"}],"author":[{"embeddable":true,"href":"https:\/\/esconsatec.com\/pruebaw\/wp-json\/wp\/v2\/users\/2"}],"replies":[{"embeddable":true,"href":"https:\/\/esconsatec.com\/pruebaw\/wp-json\/wp\/v2\/comments?post=613"}],"version-history":[{"count":102,"href":"https:\/\/esconsatec.com\/pruebaw\/wp-json\/wp\/v2\/pages\/613\/revisions"}],"predecessor-version":[{"id":2443,"href":"https:\/\/esconsatec.com\/pruebaw\/wp-json\/wp\/v2\/pages\/613\/revisions\/2443"}],"wp:attachment":[{"href":"https:\/\/esconsatec.com\/pruebaw\/wp-json\/wp\/v2\/media?parent=613"}],"curies":[{"name":"wp","href":"https:\/\/api.w.org\/{rel}","templated":true}]}}