{"id":913,"date":"2025-10-17T20:33:18","date_gmt":"2025-10-17T20:33:18","guid":{"rendered":"https:\/\/esconsatec.com\/pruebaw\/?post_type=product&#038;p=913"},"modified":"2025-10-17T20:33:23","modified_gmt":"2025-10-17T20:33:23","slug":"facepro-1-p","status":"publish","type":"product","link":"https:\/\/esconsatec.com\/pruebaw\/producto\/facepro-1-p\/","title":{"rendered":"FacePro 1 P"},"content":{"rendered":"<ul>\n<li>Reconocimiento facial de luz visible mejorado<\/li>\n<li>Mejor higiene con autenticaci\u00f3n biom\u00e9trica sin contacto, la identificaci\u00f3n individual enmascarada aumenta el FAR<\/li>\n<li>Algoritmo anti-spoofing contra acceso con impresi\u00f3n (l\u00e1ser, color y fotos en blanco y negro), contra acceso con videos y contra acceso con m\u00e1scara 3D<\/li>\n<li>Modo de comunicaci\u00f3n: TCP \/ IP, RS232, RS485, Wiegand in \/ out y WIFI<\/li>\n<li>Lector de identificaci\u00f3n incorporado de 125Khz, tarjeta IC (MF) opcional de 13.56Mhz<\/li>\n<li>Verificaci\u00f3n m\u00faltiple: Rostro \/ palma \/ huella \/ tarjeta \/ contrase\u00f1a<\/li>\n<li>Suplemento de luz con brillo ajustable<\/li>\n<li>Software de gesti\u00f3n profesional basado en web<\/li>\n<li>Distancia de reconocimiento: 0,3-2 metros<\/li>\n<\/ul>\n<p>&nbsp;<\/p>\n<p>&nbsp;<\/p>\n<table class=\"woocommerce-product-attributes shop_attributes\">\n<tbody>\n<tr class=\"woocommerce-product-attributes-item woocommerce-product-attributes-item--weight\">\n<th class=\"woocommerce-product-attributes-item__label\"><span style=\"font-weight: 400;\">Pantalla<\/span><\/th>\n<td class=\"woocommerce-product-attributes-item__value\">Pantalla t\u00e1ctil de 5\u201d<\/td>\n<\/tr>\n<tr class=\"woocommerce-product-attributes-item woocommerce-product-attributes-item--dimensions\">\n<th class=\"woocommerce-product-attributes-item__label\"><span style=\"font-weight: 400;\">Capacidad de palma<\/span><\/th>\n<td class=\"woocommerce-product-attributes-item__value\">3,000<\/td>\n<\/tr>\n<tr class=\"woocommerce-product-attributes-item woocommerce-product-attributes-item--dimensions\">\n<th class=\"woocommerce-product-attributes-item__label\"><span style=\"font-weight: 400;\">Capacidad de rostro<\/span><\/th>\n<td class=\"woocommerce-product-attributes-item__value\">6,000<\/td>\n<\/tr>\n<tr class=\"woocommerce-product-attributes-item woocommerce-product-attributes-item--attribute_pa_solucion\">\n<th class=\"woocommerce-product-attributes-item__label\"><span style=\"font-weight: 400;\">Capacidad de huella<\/span><\/th>\n<td class=\"woocommerce-product-attributes-item__value\">6,000<\/td>\n<\/tr>\n<tr class=\"woocommerce-product-attributes-item woocommerce-product-attributes-item--attribute_pa_marca\">\n<th class=\"woocommerce-product-attributes-item__label\"><span style=\"font-weight: 400;\">Capacidad de Tarjetas<\/span><\/th>\n<td class=\"woocommerce-product-attributes-item__value\">10,000 tarjetas de identificaci\u00f3n<\/td>\n<\/tr>\n<tr class=\"woocommerce-product-attributes-item woocommerce-product-attributes-item--attribute_pa_max-usuarios\">\n<th class=\"woocommerce-product-attributes-item__label\"><span style=\"font-weight: 400;\">Transacciones<\/span><\/th>\n<td class=\"woocommerce-product-attributes-item__value\">200,000<\/td>\n<\/tr>\n<tr class=\"woocommerce-product-attributes-item woocommerce-product-attributes-item--attribute_pa_max-registros\">\n<th class=\"woocommerce-product-attributes-item__label\"><span style=\"font-weight: 400;\">Sistema Operativo<\/span><\/th>\n<td class=\"woocommerce-product-attributes-item__value\">Linux<\/td>\n<\/tr>\n<tr class=\"woocommerce-product-attributes-item woocommerce-product-attributes-item--attribute_pa_wiegand\">\n<th class=\"woocommerce-product-attributes-item__label\"><span style=\"font-weight: 400;\">Comunicaci\u00f3n<\/span><\/th>\n<td class=\"woocommerce-product-attributes-item__value\">TCP\/IP, WiFi, Wiegand entrada\/salida, RS485, RS 232<\/td>\n<\/tr>\n<tr class=\"woocommerce-product-attributes-item woocommerce-product-attributes-item--attribute_pa_memoria\">\n<th class=\"woocommerce-product-attributes-item__label\"><span style=\"font-weight: 400;\">Velocidad de reconocimiento facial<\/span><\/th>\n<td class=\"woocommerce-product-attributes-item__value\">\u22641 segundo<\/td>\n<\/tr>\n<tr class=\"woocommerce-product-attributes-item woocommerce-product-attributes-item--attribute_pa_pantalla\">\n<th class=\"woocommerce-product-attributes-item__label\"><span style=\"font-weight: 400;\">Fuente de alimentaci\u00f3n<\/span><\/th>\n<td class=\"woocommerce-product-attributes-item__value\">12V\/3A<\/td>\n<\/tr>\n<tr class=\"woocommerce-product-attributes-item woocommerce-product-attributes-item--attribute_pa_temp-operacion\">\n<th class=\"woocommerce-product-attributes-item__label\"><span style=\"font-weight: 400;\">Humedad de trabajo<\/span><\/th>\n<td class=\"woocommerce-product-attributes-item__value\">10%-90%<\/td>\n<\/tr>\n<tr class=\"woocommerce-product-attributes-item woocommerce-product-attributes-item--attribute_pa_alimentacion\">\n<th class=\"woocommerce-product-attributes-item__label\"><span style=\"font-weight: 400;\">Dimensiones (W * H * D)<\/span><\/th>\n<td class=\"woocommerce-product-attributes-item__value\">91.93*202.93*21.5mm<\/td>\n<\/tr>\n<\/tbody>\n<\/table>\n","protected":false},"excerpt":{"rendered":"<p>Facepro1-P es un sistema h\u00edbrido de control de acceso biom\u00e9trico y control de asistencia. Incluye tecnolog\u00eda m\u00faltiple de rostro, palma, huella, tarjeta y contrase\u00f1a; y la distancia de reconocimiento facial se ha ampliado enormemente hasta 2 metros de largo, lo que mejora significativamente la velocidad m\u00e1xima de tr\u00e1fico.<\/p>\n<p>Pantalla t\u00e1ctil TFT de 5 pulgadas, terminal de reconocimiento facial visible con luz y soporte de verificaci\u00f3n de mascarilla.<\/p>\n<p>&nbsp;<\/p>\n<p><a class=\"mybtn\" href=\"http:\/\/www.markovations.com\/wp-content\/uploads\/2020\/05\/FacePro1-P-Granding-2023.pdf\" rel=\"noopener noreferrer\" download=\"\">Descargar Cat\u00e1logo<\/a><\/p>\n","protected":false},"featured_media":0,"comment_status":"closed","ping_status":"closed","template":"","meta":{"site-sidebar-layout":"default","site-content-layout":"","ast-site-content-layout":"default","site-content-style":"default","site-sidebar-style":"default","ast-global-header-display":"","ast-banner-title-visibility":"","ast-main-header-display":"","ast-hfb-above-header-display":"","ast-hfb-below-header-display":"","ast-hfb-mobile-header-display":"","site-post-title":"","ast-breadcrumbs-content":"","ast-featured-img":"","footer-sml-layout":"","theme-transparent-header-meta":"","adv-header-id-meta":"","stick-header-meta":"","header-above-stick-meta":"","header-main-stick-meta":"","header-below-stick-meta":"","astra-migrate-meta-layouts":"default","ast-page-background-enabled":"default","ast-page-background-meta":{"desktop":{"background-color":"var(--ast-global-color-5)","background-image":"","background-repeat":"repeat","background-position":"center center","background-size":"auto","background-attachment":"scroll","background-type":"","background-media":"","overlay-type":"","overlay-color":"","overlay-opacity":"","overlay-gradient":""},"tablet":{"background-color":"","background-image":"","background-repeat":"repeat","background-position":"center center","background-size":"auto","background-attachment":"scroll","background-type":"","background-media":"","overlay-type":"","overlay-color":"","overlay-opacity":"","overlay-gradient":""},"mobile":{"background-color":"","background-image":"","background-repeat":"repeat","background-position":"center center","background-size":"auto","background-attachment":"scroll","background-type":"","background-media":"","overlay-type":"","overlay-color":"","overlay-opacity":"","overlay-gradient":""}},"ast-content-background-meta":{"desktop":{"background-color":"var(--ast-global-color-4)","background-image":"","background-repeat":"repeat","background-position":"center center","background-size":"auto","background-attachment":"scroll","background-type":"","background-media":"","overlay-type":"","overlay-color":"","overlay-opacity":"","overlay-gradient":""},"tablet":{"background-color":"var(--ast-global-color-4)","background-image":"","background-repeat":"repeat","background-position":"center center","background-size":"auto","background-attachment":"scroll","background-type":"","background-media":"","overlay-type":"","overlay-color":"","overlay-opacity":"","overlay-gradient":""},"mobile":{"background-color":"var(--ast-global-color-4)","background-image":"","background-repeat":"repeat","background-position":"center center","background-size":"auto","background-attachment":"scroll","background-type":"","background-media":"","overlay-type":"","overlay-color":"","overlay-opacity":"","overlay-gradient":""}}},"product_brand":[],"product_cat":[19],"product_tag":[],"class_list":{"0":"post-913","1":"product","2":"type-product","3":"status-publish","5":"product_cat-control-de-acceso","6":"desktop-align-left","7":"tablet-align-left","8":"mobile-align-left","10":"first","11":"instock","12":"shipping-taxable","13":"product-type-simple"},"_links":{"self":[{"href":"https:\/\/esconsatec.com\/pruebaw\/wp-json\/wp\/v2\/product\/913","targetHints":{"allow":["GET"]}}],"collection":[{"href":"https:\/\/esconsatec.com\/pruebaw\/wp-json\/wp\/v2\/product"}],"about":[{"href":"https:\/\/esconsatec.com\/pruebaw\/wp-json\/wp\/v2\/types\/product"}],"replies":[{"embeddable":true,"href":"https:\/\/esconsatec.com\/pruebaw\/wp-json\/wp\/v2\/comments?post=913"}],"wp:attachment":[{"href":"https:\/\/esconsatec.com\/pruebaw\/wp-json\/wp\/v2\/media?parent=913"}],"wp:term":[{"taxonomy":"product_brand","embeddable":true,"href":"https:\/\/esconsatec.com\/pruebaw\/wp-json\/wp\/v2\/product_brand?post=913"},{"taxonomy":"product_cat","embeddable":true,"href":"https:\/\/esconsatec.com\/pruebaw\/wp-json\/wp\/v2\/product_cat?post=913"},{"taxonomy":"product_tag","embeddable":true,"href":"https:\/\/esconsatec.com\/pruebaw\/wp-json\/wp\/v2\/product_tag?post=913"}],"curies":[{"name":"wp","href":"https:\/\/api.w.org\/{rel}","templated":true}]}}