{"id":925,"date":"2025-10-17T20:33:19","date_gmt":"2025-10-17T20:33:19","guid":{"rendered":"https:\/\/esconsatec.com\/pruebaw\/?post_type=product&#038;p=925"},"modified":"2025-10-17T20:33:33","modified_gmt":"2025-10-17T20:33:33","slug":"fa210","status":"publish","type":"product","link":"https:\/\/esconsatec.com\/pruebaw\/producto\/fa210\/","title":{"rendered":"FA210"},"content":{"rendered":"<p><strong>FA210<\/strong> es el control de acceso multibiom\u00e9trico econ\u00f3mico con lector de huellas dactilares, reconocimiento facial y lector de tarjetas RFID.<\/p>\n<table class=\"woocommerce-product-attributes shop_attributes\" style=\"height: 435px;\" width=\"100%\">\n<tbody>\n<tr class=\"woocommerce-product-attributes-item woocommerce-product-attributes-item--attribute_pa_max-usuarios\">\n<th class=\"woocommerce-product-attributes-item__label\"><span style=\"font-weight: 400;\">Pantalla<\/span><\/th>\n<td class=\"woocommerce-product-attributes-item__value\">Pantalla t\u00e1ctil TFT de 2.8&#8243;.<\/td>\n<\/tr>\n<tr class=\"woocommerce-product-attributes-item woocommerce-product-attributes-item--attribute_pa_max-plantillas\">\n<th class=\"woocommerce-product-attributes-item__label\"><span style=\"font-weight: 400;\">C\u00e1maras<\/span><\/th>\n<td class=\"woocommerce-product-attributes-item__value\">C\u00e1mara infrarroja de alta definici\u00f3n.<\/td>\n<\/tr>\n<tr class=\"woocommerce-product-attributes-item woocommerce-product-attributes-item--attribute_pa_max-registros\">\n<th class=\"woocommerce-product-attributes-item__label\"><span style=\"font-weight: 400;\">M\u00e1x Rostros<\/span><\/th>\n<td class=\"woocommerce-product-attributes-item__value\">1,500<\/td>\n<\/tr>\n<tr class=\"woocommerce-product-attributes-item woocommerce-product-attributes-item--attribute_pa_max-registros\">\n<th class=\"woocommerce-product-attributes-item__label\"><span style=\"font-weight: 400;\">M\u00e1x Huellas<\/span><\/th>\n<td class=\"woocommerce-product-attributes-item__value\">2,000<\/td>\n<\/tr>\n<tr class=\"woocommerce-product-attributes-item woocommerce-product-attributes-item--attribute_pa_max-registros\">\n<th class=\"woocommerce-product-attributes-item__label\"><span style=\"font-weight: 400;\">M\u00e1x Tarjetas<\/span><\/th>\n<td class=\"woocommerce-product-attributes-item__value\">2,000 (opcional)<\/td>\n<\/tr>\n<tr class=\"woocommerce-product-attributes-item woocommerce-product-attributes-item--attribute_pa_comunicaciones\">\n<th class=\"woocommerce-product-attributes-item__label\"><span style=\"font-weight: 400;\">M\u00e1x Registros<\/span><\/th>\n<td class=\"woocommerce-product-attributes-item__value\">100,000<\/td>\n<\/tr>\n<tr class=\"woocommerce-product-attributes-item woocommerce-product-attributes-item--attribute_pa_wiegand\">\n<th class=\"woocommerce-product-attributes-item__label\"><span style=\"font-weight: 400;\">Comunicaci\u00f3n<\/span><\/th>\n<td class=\"woocommerce-product-attributes-item__value\">TCP \/ IP, USB Host, RS232, WiFi es opcional<\/td>\n<\/tr>\n<tr class=\"woocommerce-product-attributes-item woocommerce-product-attributes-item--attribute_pa_entrada-salida\">\n<th class=\"woocommerce-product-attributes-item__label\"><span style=\"font-weight: 400;\">Soporte de funciones<\/span><\/th>\n<td class=\"woocommerce-product-attributes-item__value\">Timbre programado, DLST, auto consulta, c\u00f3digo de trabajo, SMS, entrada T9, servidor web, alarma m\u00faltiple, identificaci\u00f3n con foto, ADMS, verificaci\u00f3n m\u00faltiple, env\u00edo de estado autom\u00e1tico.DST, ADMS, consulta de autoservicio, identificaci\u00f3n con foto, timbre programado, entrada T9, m\u00faltiples modos de verificaci\u00f3n<\/td>\n<\/tr>\n<tr class=\"woocommerce-product-attributes-item woocommerce-product-attributes-item--attribute_pa_cpu\">\n<th class=\"woocommerce-product-attributes-item__label\"><span style=\"font-weight: 400;\">Interfaces<\/span><\/th>\n<td class=\"woocommerce-product-attributes-item__value\">Cerradura el\u00e9ctrica de terceros, bot\u00f3n de salida<\/td>\n<\/tr>\n<tr class=\"woocommerce-product-attributes-item woocommerce-product-attributes-item--attribute_pa_memoria\">\n<th class=\"woocommerce-product-attributes-item__label\"><span style=\"font-weight: 400;\">Funciones opcionales<\/span><\/th>\n<td class=\"woocommerce-product-attributes-item__value\">Lector de tarjetas ID\/ Mifare, WIFI, impresora serial, sirena externa<\/td>\n<\/tr>\n<tr class=\"woocommerce-product-attributes-item woocommerce-product-attributes-item--attribute_pa_pantalla\">\n<th class=\"woocommerce-product-attributes-item__label\"><span style=\"font-weight: 400;\">Humedad de funcionamiento<\/span><\/th>\n<td class=\"woocommerce-product-attributes-item__value\">20% &#8211; 80%<\/td>\n<\/tr>\n<tr class=\"woocommerce-product-attributes-item woocommerce-product-attributes-item--attribute_pa_temp-operacion\">\n<th class=\"woocommerce-product-attributes-item__label\"><span style=\"font-weight: 400;\">Temp. Operaci\u00f3n<\/span><\/th>\n<td class=\"woocommerce-product-attributes-item__value\">0\u00b0C &#8211; 45\u00b0C<\/td>\n<\/tr>\n<tr class=\"woocommerce-product-attributes-item woocommerce-product-attributes-item--attribute_pa_temp-operacion\">\n<th class=\"woocommerce-product-attributes-item__label\"><span style=\"font-weight: 400;\">Alimentaci\u00f3n<\/span><\/th>\n<td class=\"woocommerce-product-attributes-item__value\">110\/220 V AC-12VDC\/1. 5A<\/td>\n<\/tr>\n<\/tbody>\n<\/table>\n","protected":false},"excerpt":{"rendered":"<ul>\n<li>El \u00faltimo algoritmo de rostro y huellas dactilares y nuevo firmware.<\/li>\n<li>1,500 rostros, 2,000 huellas, 2,000 tarjetas (opcional) y 100,000 registros.<\/li>\n<li>Pantalla LCD t\u00e1ctil TFT de 2,8 \u00ab.<\/li>\n<li>Interfaz de usuario amigable.<\/li>\n<li>Implementaci\u00f3n de control de presencia con funci\u00f3n de control de acceso.<\/li>\n<li>\u00a0Soporta TCP \/ IP, RS232 y USB Host, WiFi es opcional.<\/li>\n<li>Modo de verificaci\u00f3n: rostro, huella digital y PIN, tambi\u00e9n puede personalizar la funci\u00f3n de tarjeta ID \/ Mifare.<\/li>\n<\/ul>\n<p>&nbsp;<\/p>\n<p><a class=\"mybtn\" href=\"http:\/\/www.markovations.com\/wp-content\/uploads\/2021\/09\/FA210-Granding-2023.pdf\" target=\"_blank\" rel=\"noopener noreferrer\" download=\"\">Descargar Cat\u00e1logo<\/a><\/p>\n","protected":false},"featured_media":0,"comment_status":"closed","ping_status":"closed","template":"","meta":{"site-sidebar-layout":"default","site-content-layout":"","ast-site-content-layout":"default","site-content-style":"default","site-sidebar-style":"default","ast-global-header-display":"","ast-banner-title-visibility":"","ast-main-header-display":"","ast-hfb-above-header-display":"","ast-hfb-below-header-display":"","ast-hfb-mobile-header-display":"","site-post-title":"","ast-breadcrumbs-content":"","ast-featured-img":"","footer-sml-layout":"","theme-transparent-header-meta":"","adv-header-id-meta":"","stick-header-meta":"","header-above-stick-meta":"","header-main-stick-meta":"","header-below-stick-meta":"","astra-migrate-meta-layouts":"default","ast-page-background-enabled":"default","ast-page-background-meta":{"desktop":{"background-color":"var(--ast-global-color-5)","background-image":"","background-repeat":"repeat","background-position":"center center","background-size":"auto","background-attachment":"scroll","background-type":"","background-media":"","overlay-type":"","overlay-color":"","overlay-opacity":"","overlay-gradient":""},"tablet":{"background-color":"","background-image":"","background-repeat":"repeat","background-position":"center center","background-size":"auto","background-attachment":"scroll","background-type":"","background-media":"","overlay-type":"","overlay-color":"","overlay-opacity":"","overlay-gradient":""},"mobile":{"background-color":"","background-image":"","background-repeat":"repeat","background-position":"center center","background-size":"auto","background-attachment":"scroll","background-type":"","background-media":"","overlay-type":"","overlay-color":"","overlay-opacity":"","overlay-gradient":""}},"ast-content-background-meta":{"desktop":{"background-color":"var(--ast-global-color-4)","background-image":"","background-repeat":"repeat","background-position":"center center","background-size":"auto","background-attachment":"scroll","background-type":"","background-media":"","overlay-type":"","overlay-color":"","overlay-opacity":"","overlay-gradient":""},"tablet":{"background-color":"var(--ast-global-color-4)","background-image":"","background-repeat":"repeat","background-position":"center center","background-size":"auto","background-attachment":"scroll","background-type":"","background-media":"","overlay-type":"","overlay-color":"","overlay-opacity":"","overlay-gradient":""},"mobile":{"background-color":"var(--ast-global-color-4)","background-image":"","background-repeat":"repeat","background-position":"center center","background-size":"auto","background-attachment":"scroll","background-type":"","background-media":"","overlay-type":"","overlay-color":"","overlay-opacity":"","overlay-gradient":""}}},"product_brand":[],"product_cat":[19],"product_tag":[],"class_list":{"0":"post-925","1":"product","2":"type-product","3":"status-publish","5":"product_cat-control-de-acceso","6":"desktop-align-left","7":"tablet-align-left","8":"mobile-align-left","10":"first","11":"instock","12":"shipping-taxable","13":"product-type-simple"},"_links":{"self":[{"href":"https:\/\/esconsatec.com\/pruebaw\/wp-json\/wp\/v2\/product\/925","targetHints":{"allow":["GET"]}}],"collection":[{"href":"https:\/\/esconsatec.com\/pruebaw\/wp-json\/wp\/v2\/product"}],"about":[{"href":"https:\/\/esconsatec.com\/pruebaw\/wp-json\/wp\/v2\/types\/product"}],"replies":[{"embeddable":true,"href":"https:\/\/esconsatec.com\/pruebaw\/wp-json\/wp\/v2\/comments?post=925"}],"wp:attachment":[{"href":"https:\/\/esconsatec.com\/pruebaw\/wp-json\/wp\/v2\/media?parent=925"}],"wp:term":[{"taxonomy":"product_brand","embeddable":true,"href":"https:\/\/esconsatec.com\/pruebaw\/wp-json\/wp\/v2\/product_brand?post=925"},{"taxonomy":"product_cat","embeddable":true,"href":"https:\/\/esconsatec.com\/pruebaw\/wp-json\/wp\/v2\/product_cat?post=925"},{"taxonomy":"product_tag","embeddable":true,"href":"https:\/\/esconsatec.com\/pruebaw\/wp-json\/wp\/v2\/product_tag?post=925"}],"curies":[{"name":"wp","href":"https:\/\/api.w.org\/{rel}","templated":true}]}}