{"id":940,"date":"2025-10-17T20:33:21","date_gmt":"2025-10-17T20:33:21","guid":{"rendered":"https:\/\/esconsatec.com\/pruebaw\/?post_type=product&#038;p=940"},"modified":"2026-04-14T22:27:57","modified_gmt":"2026-04-14T22:27:57","slug":"biostation-3-2","status":"publish","type":"product","link":"https:\/\/esconsatec.com\/pruebaw\/producto\/biostation-3-2\/","title":{"rendered":"Biostation 3"},"content":{"rendered":"<style>\n    \/* Estilos para asegurar que las l\u00edneas del cuadro sean visibles *\/\n    .woocommerce-product-attributes.shop_attributes {\n        border-collapse: collapse !important;\n        width: 100% !important;\n        border: 1px solid #ddd !important;\n        margin-bottom: 10px !important;\n    }\n    .woocommerce-product-attributes-item th, \n    .woocommerce-product-attributes-item td {\n        border: 1px solid #ddd !important;\n        padding: 10px !important;\n        text-align: left !important;\n        font-family: sans-serif;\n    }\n    .woocommerce-product-attributes-item__label {\n        background: #f4f4f4 !important;\n        width: 40% !important;\n        font-weight: bold;\n    }<\/p>\n<p>    \/* Estilo para el \u00fanico bot\u00f3n de descarga *\/\n    .boton-descarga-unico {\n        display: inline-block;\n        margin-top: 15px;\n        color: #0073aa;\n        text-decoration: underline;\n        font-weight: bold;\n        font-size: 15px;\n        cursor: pointer;\n    }\n    .boton-descarga-unico:hover {\n        color: #005177;\n    }\n<\/style>\n<table class=\"woocommerce-product-attributes shop_attributes\">\n<tbody>\n<tr class=\"woocommerce-product-attributes-item\">\n<th class=\"woocommerce-product-attributes-item__label\">Funci\u00f3n principal<\/th>\n<td class=\"woocommerce-product-attributes-item__value\">Control de acceso con reconocimiento facial avanzado<\/td>\n<\/tr>\n<tr class=\"woocommerce-product-attributes-item\">\n<th class=\"woocommerce-product-attributes-item__label\">Acceso<\/th>\n<td class=\"woocommerce-product-attributes-item__value\">M\u00e9todos sin contacto y m\u00faltiples credenciales<\/td>\n<\/tr>\n<tr class=\"woocommerce-product-attributes-item\">\n<th class=\"woocommerce-product-attributes-item__label\">Instalaci\u00f3n<\/th>\n<td class=\"woocommerce-product-attributes-item__value\">F\u00e1cil, escalable y adaptable a cualquier entorno<\/td>\n<\/tr>\n<tr class=\"woocommerce-product-attributes-item\">\n<th class=\"woocommerce-product-attributes-item__label\">Resistencia<\/th>\n<td class=\"woocommerce-product-attributes-item__value\">Certificaci\u00f3n IP65 e IK06<\/td>\n<\/tr>\n<tr class=\"woocommerce-product-attributes-item\">\n<th class=\"woocommerce-product-attributes-item__label\">Dise\u00f1o<\/th>\n<td class=\"woocommerce-product-attributes-item__value\">47% m\u00e1s compacto que versiones anteriores<\/td>\n<\/tr>\n<tr class=\"woocommerce-product-attributes-item\">\n<th class=\"woocommerce-product-attributes-item__label\">Conectividad<\/th>\n<td class=\"woocommerce-product-attributes-item__value\">Wi-Fi, PoE+ y USB<\/td>\n<\/tr>\n<tr class=\"woocommerce-product-attributes-item\">\n<th class=\"woocommerce-product-attributes-item__label\">Seguridad<\/th>\n<td class=\"woocommerce-product-attributes-item__value\">Certificaci\u00f3n ISO\/IEC 27001 y Secure Element (SE)<\/td>\n<\/tr>\n<tr class=\"woocommerce-product-attributes-item\">\n<th class=\"woocommerce-product-attributes-item__label\">Gesti\u00f3n<\/th>\n<td class=\"woocommerce-product-attributes-item__value\">Control de acceso integrado<\/td>\n<\/tr>\n<tr class=\"woocommerce-product-attributes-item\">\n<th class=\"woocommerce-product-attributes-item__label\">Comunicaci\u00f3n<\/th>\n<td class=\"woocommerce-product-attributes-item__value\">Integraci\u00f3n con puertas y video (RTSP)<\/td>\n<\/tr>\n<\/tbody>\n<\/table>\n<p><a href=\"https:\/\/esconsatec.com\/pruebaw\/wp-content\/uploads\/2025\/10\/BioStation-3-Suprema-2026-1.pdf\" class=\"boton-descarga-unico\" target=\"_blank\" rel=\"noopener noreferrer\"><br \/>\n    Descargar Cat\u00e1logo<br \/>\n<\/a><\/p>\n","protected":false},"excerpt":{"rendered":"<p><strong>BioStation 3<\/strong> establece un nuevo est\u00e1ndar en el control de acceso, proporcionando una nueva experiencia de acceso a la puerta que permite mejorar la seguridad en todas las puertas, para organizaciones de todos los tama\u00f1os. Este terminal es m\u00e1s peque\u00f1o que el modelo anterior, pero tiene la mayor variedad de funciones.<\/p>\n","protected":false},"featured_media":2114,"comment_status":"closed","ping_status":"closed","template":"","meta":{"site-sidebar-layout":"default","site-content-layout":"","ast-site-content-layout":"default","site-content-style":"default","site-sidebar-style":"default","ast-global-header-display":"","ast-banner-title-visibility":"","ast-main-header-display":"","ast-hfb-above-header-display":"","ast-hfb-below-header-display":"","ast-hfb-mobile-header-display":"","site-post-title":"","ast-breadcrumbs-content":"","ast-featured-img":"","footer-sml-layout":"","theme-transparent-header-meta":"default","adv-header-id-meta":"","stick-header-meta":"","header-above-stick-meta":"","header-main-stick-meta":"","header-below-stick-meta":"","astra-migrate-meta-layouts":"set","ast-page-background-enabled":"default","ast-page-background-meta":{"desktop":{"background-color":"var(--ast-global-color-5)","background-image":"","background-repeat":"repeat","background-position":"center center","background-size":"auto","background-attachment":"scroll","background-type":"","background-media":"","overlay-type":"","overlay-color":"","overlay-opacity":"","overlay-gradient":""},"tablet":{"background-color":"","background-image":"","background-repeat":"repeat","background-position":"center center","background-size":"auto","background-attachment":"scroll","background-type":"","background-media":"","overlay-type":"","overlay-color":"","overlay-opacity":"","overlay-gradient":""},"mobile":{"background-color":"","background-image":"","background-repeat":"repeat","background-position":"center center","background-size":"auto","background-attachment":"scroll","background-type":"","background-media":"","overlay-type":"","overlay-color":"","overlay-opacity":"","overlay-gradient":""}},"ast-content-background-meta":{"desktop":{"background-color":"var(--ast-global-color-4)","background-image":"","background-repeat":"repeat","background-position":"center center","background-size":"auto","background-attachment":"scroll","background-type":"","background-media":"","overlay-type":"","overlay-color":"","overlay-opacity":"","overlay-gradient":""},"tablet":{"background-color":"var(--ast-global-color-4)","background-image":"","background-repeat":"repeat","background-position":"center center","background-size":"auto","background-attachment":"scroll","background-type":"","background-media":"","overlay-type":"","overlay-color":"","overlay-opacity":"","overlay-gradient":""},"mobile":{"background-color":"var(--ast-global-color-4)","background-image":"","background-repeat":"repeat","background-position":"center center","background-size":"auto","background-attachment":"scroll","background-type":"","background-media":"","overlay-type":"","overlay-color":"","overlay-opacity":"","overlay-gradient":""}}},"product_brand":[21],"product_cat":[19],"product_tag":[],"class_list":{"0":"post-940","1":"product","2":"type-product","3":"status-publish","4":"has-post-thumbnail","6":"product_brand-suprema","7":"product_cat-control-de-acceso","8":"desktop-align-left","9":"tablet-align-left","10":"mobile-align-left","12":"first","13":"instock","14":"shipping-taxable","15":"product-type-simple"},"_links":{"self":[{"href":"https:\/\/esconsatec.com\/pruebaw\/wp-json\/wp\/v2\/product\/940","targetHints":{"allow":["GET"]}}],"collection":[{"href":"https:\/\/esconsatec.com\/pruebaw\/wp-json\/wp\/v2\/product"}],"about":[{"href":"https:\/\/esconsatec.com\/pruebaw\/wp-json\/wp\/v2\/types\/product"}],"replies":[{"embeddable":true,"href":"https:\/\/esconsatec.com\/pruebaw\/wp-json\/wp\/v2\/comments?post=940"}],"wp:featuredmedia":[{"embeddable":true,"href":"https:\/\/esconsatec.com\/pruebaw\/wp-json\/wp\/v2\/media\/2114"}],"wp:attachment":[{"href":"https:\/\/esconsatec.com\/pruebaw\/wp-json\/wp\/v2\/media?parent=940"}],"wp:term":[{"taxonomy":"product_brand","embeddable":true,"href":"https:\/\/esconsatec.com\/pruebaw\/wp-json\/wp\/v2\/product_brand?post=940"},{"taxonomy":"product_cat","embeddable":true,"href":"https:\/\/esconsatec.com\/pruebaw\/wp-json\/wp\/v2\/product_cat?post=940"},{"taxonomy":"product_tag","embeddable":true,"href":"https:\/\/esconsatec.com\/pruebaw\/wp-json\/wp\/v2\/product_tag?post=940"}],"curies":[{"name":"wp","href":"https:\/\/api.w.org\/{rel}","templated":true}]}}